{"id":11,"date":"2025-02-28T18:46:53","date_gmt":"2025-02-28T18:46:53","guid":{"rendered":"https:\/\/www.ottobruun.fi\/?page_id=11"},"modified":"2025-11-18T09:44:48","modified_gmt":"2025-11-18T07:44:48","slug":"otto-bruun-4","status":"publish","type":"page","link":"https:\/\/www.ottobruun.fi\/fi\/","title":{"rendered":"Otto Bruun"},"content":{"rendered":"<p>[et_pb_section fb_built=&#8221;1&#8243; disabled_on=&#8221;on|on|off&#8221; _builder_version=&#8221;4.27.4&#8243; _module_preset=&#8221;default&#8221; background_color=&#8221;gcid-c5c521c2-ac4c-4474-87d1-563eb8068cc0&#8243; background_image=&#8221;http:\/\/www.ottobruun.fi\/wp-content\/uploads\/2025\/02\/Otto-Bruun.jpg&#8221; parallax=&#8221;on&#8221; min_height=&#8221;441px&#8221; custom_margin=&#8221;||-2px|||&#8221; custom_padding=&#8221;0px||0px|||&#8221; global_colors_info=&#8221;{%22gcid-c5c521c2-ac4c-4474-87d1-563eb8068cc0%22:%91%22background_color%22%93}&#8221;][et_pb_row column_structure=&#8221;1_3,1_3,1_3&#8243; _builder_version=&#8221;4.27.4&#8243; _module_preset=&#8221;default&#8221; global_colors_info=&#8221;{}&#8221;][et_pb_column type=&#8221;1_3&#8243; _builder_version=&#8221;4.27.4&#8243; _module_preset=&#8221;default&#8221; global_colors_info=&#8221;{}&#8221;][\/et_pb_column][et_pb_column type=&#8221;1_3&#8243; _builder_version=&#8221;4.27.4&#8243; _module_preset=&#8221;default&#8221; global_colors_info=&#8221;{}&#8221;][\/et_pb_column][et_pb_column type=&#8221;1_3&#8243; _builder_version=&#8221;4.27.4&#8243; _module_preset=&#8221;default&#8221; global_colors_info=&#8221;{}&#8221;][\/et_pb_column][\/et_pb_row][\/et_pb_section][et_pb_section fb_built=&#8221;1&#8243; disabled_on=&#8221;off|off|on&#8221; _builder_version=&#8221;4.27.4&#8243; _module_preset=&#8221;default&#8221; background_image=&#8221;http:\/\/www.ottobruun.fi\/wp-content\/uploads\/2025\/02\/Otto-Bruun-1.jpg&#8221; background_position=&#8221;center_right&#8221; background_horizontal_offset=&#8221;20%&#8221; custom_padding=&#8221;38px||25px|||&#8221; global_colors_info=&#8221;{}&#8221;][et_pb_row _builder_version=&#8221;4.27.4&#8243; _module_preset=&#8221;default&#8221; width=&#8221;70%&#8221; global_colors_info=&#8221;{}&#8221;][et_pb_column type=&#8221;4_4&#8243; _builder_version=&#8221;4.27.4&#8243; _module_preset=&#8221;default&#8221; global_colors_info=&#8221;{}&#8221;][et_pb_image title_text=&#8221;58-2543&#8243; align=&#8221;right&#8221; _builder_version=&#8221;4.27.4&#8243; _module_preset=&#8221;default&#8221; max_height=&#8221;171px&#8221; custom_margin=&#8221;|-1px||||&#8221; global_colors_info=&#8221;{}&#8221;][\/et_pb_image][\/et_pb_column][\/et_pb_row][\/et_pb_section][et_pb_section fb_built=&#8221;1&#8243; _builder_version=&#8221;4.27.4&#8243; _module_preset=&#8221;default&#8221; background_color=&#8221;gcid-c5c521c2-ac4c-4474-87d1-563eb8068cc0&#8243; custom_padding=&#8221;33px||0px|||&#8221; global_colors_info=&#8221;{%22gcid-c5c521c2-ac4c-4474-87d1-563eb8068cc0%22:%91%22background_color%22%93}&#8221;][et_pb_row column_structure=&#8221;2_5,3_5&#8243; _builder_version=&#8221;4.27.4&#8243; _module_preset=&#8221;default&#8221; global_colors_info=&#8221;{}&#8221;][et_pb_column type=&#8221;2_5&#8243; _builder_version=&#8221;4.27.4&#8243; _module_preset=&#8221;default&#8221; global_colors_info=&#8221;{}&#8221;][et_pb_text _builder_version=&#8221;4.27.4&#8243; _module_preset=&#8221;default&#8221; header_2_font_size=&#8221;36px&#8221; header_2_font_size_tablet=&#8221;36px&#8221; header_2_font_size_phone=&#8221;26px&#8221; header_2_font_size_last_edited=&#8221;on|phone&#8221; global_colors_info=&#8221;{}&#8221;]<\/p>\n<h2>Turvataan l\u00e4hikoulut, terveyspalvelut ja kest\u00e4vyys<\/h2>\n<p>[\/et_pb_text][\/et_pb_column][et_pb_column type=&#8221;3_5&#8243; _builder_version=&#8221;4.27.4&#8243; _module_preset=&#8221;default&#8221; global_colors_info=&#8221;{}&#8221;][et_pb_text _builder_version=&#8221;4.27.4&#8243; _module_preset=&#8221;default&#8221; global_colors_info=&#8221;{}&#8221;]<\/p>\n<p><span style=\"font-weight: 400;\">Olen Otto Bruun, 41-vuotias kemi\u00f6nsaarelainen kahden tytt\u00e4ren perheenis\u00e4. Ty\u00f6kseni opetan yliopistolla ja teen oikeustieteen v\u00e4it\u00f6skirjaa. Asumme Kemi\u00f6nsaaren Taalintehtaalla, jonne olemme kotiutuneet muutettuamme takaisin Suomeen Ruotsista nelj\u00e4 vuotta sitten.<\/span><\/p>\n<p><span style=\"font-weight: 400;\">L\u00e4hdin mukaan politiikkaan ja ehdolle kunta- ja aluevaaleihin kev\u00e4\u00e4ll\u00e4 2025, koska l\u00e4hikoulut ovat lakkautusuhan alla ja terveyspalvelujamme rapautetaan lyhytn\u00e4k\u00f6isell\u00e4 politiikalla. Orpon hallituksen talouspolitiikka on lyhytn\u00e4k\u00f6ist\u00e4 ja haluan tarjota oikeudenmukaisemman ja kest\u00e4v\u00e4mm\u00e4n poliittisen vaihtoehdon.<\/span><\/p>\n<p>Olen ehdolla vasemmistoliiton varapuheenjohtajaksi syksyn 2025 puoluekokouksessa.<\/p>\n<p>[\/et_pb_text][\/et_pb_column][\/et_pb_row][et_pb_row _builder_version=&#8221;4.27.4&#8243; _module_preset=&#8221;default&#8221; global_colors_info=&#8221;{}&#8221;][et_pb_column type=&#8221;4_4&#8243; _builder_version=&#8221;4.27.4&#8243; _module_preset=&#8221;default&#8221; global_colors_info=&#8221;{}&#8221;][et_pb_divider _builder_version=&#8221;4.27.4&#8243; _module_preset=&#8221;default&#8221; global_colors_info=&#8221;{}&#8221;][\/et_pb_divider][\/et_pb_column][\/et_pb_row][et_pb_row _builder_version=&#8221;4.27.4&#8243; _module_preset=&#8221;default&#8221; custom_padding=&#8221;0px|||||&#8221; global_colors_info=&#8221;{}&#8221;][et_pb_column type=&#8221;4_4&#8243; _builder_version=&#8221;4.27.4&#8243; _module_preset=&#8221;default&#8221; global_colors_info=&#8221;{}&#8221;][et_pb_blog fullwidth=&#8221;off&#8221; show_more=&#8221;on&#8221; show_author=&#8221;off&#8221; show_categories=&#8221;off&#8221; show_excerpt=&#8221;off&#8221; _builder_version=&#8221;4.27.4&#8243; _module_preset=&#8221;default&#8221; module_alignment=&#8221;center&#8221; global_colors_info=&#8221;{}&#8221;][\/et_pb_blog][\/et_pb_column][\/et_pb_row][\/et_pb_section]<\/p>\n","protected":false},"excerpt":{"rendered":"<p>Turvataan l\u00e4hikoulut, terveyspalvelut ja kest\u00e4vyysOlen Otto Bruun, 41-vuotias kemi\u00f6nsaarelainen kahden tytt\u00e4ren perheenis\u00e4. Ty\u00f6kseni opetan yliopistolla ja teen oikeustieteen v\u00e4it\u00f6skirjaa. Asumme Kemi\u00f6nsaaren Taalintehtaalla, jonne olemme kotiutuneet muutettuamme takaisin Suomeen Ruotsista nelj\u00e4 vuotta sitten. L\u00e4hdin mukaan politiikkaan ja ehdolle kunta- ja aluevaaleihin kev\u00e4\u00e4ll\u00e4 2025, koska l\u00e4hikoulut ovat lakkautusuhan alla ja terveyspalvelujamme rapautetaan lyhytn\u00e4k\u00f6isell\u00e4 politiikalla. Orpon hallituksen talouspolitiikka [&hellip;]<\/p>\n","protected":false},"author":1,"featured_media":0,"parent":0,"menu_order":0,"comment_status":"closed","ping_status":"closed","template":"","meta":{"_et_pb_use_builder":"on","_et_pb_old_content":"","_et_gb_content_width":"","footnotes":""},"class_list":["post-11","page","type-page","status-publish","hentry"],"_links":{"self":[{"href":"https:\/\/www.ottobruun.fi\/fi\/wp-json\/wp\/v2\/pages\/11","targetHints":{"allow":["GET"]}}],"collection":[{"href":"https:\/\/www.ottobruun.fi\/fi\/wp-json\/wp\/v2\/pages"}],"about":[{"href":"https:\/\/www.ottobruun.fi\/fi\/wp-json\/wp\/v2\/types\/page"}],"author":[{"embeddable":true,"href":"https:\/\/www.ottobruun.fi\/fi\/wp-json\/wp\/v2\/users\/1"}],"replies":[{"embeddable":true,"href":"https:\/\/www.ottobruun.fi\/fi\/wp-json\/wp\/v2\/comments?post=11"}],"version-history":[{"count":27,"href":"https:\/\/www.ottobruun.fi\/fi\/wp-json\/wp\/v2\/pages\/11\/revisions"}],"predecessor-version":[{"id":227,"href":"https:\/\/www.ottobruun.fi\/fi\/wp-json\/wp\/v2\/pages\/11\/revisions\/227"}],"wp:attachment":[{"href":"https:\/\/www.ottobruun.fi\/fi\/wp-json\/wp\/v2\/media?parent=11"}],"curies":[{"name":"wp","href":"https:\/\/api.w.org\/{rel}","templated":true}]}}