{"id":46,"date":"2025-02-28T19:13:11","date_gmt":"2025-02-28T19:13:11","guid":{"rendered":"https:\/\/www.ottobruun.fi\/?page_id=46"},"modified":"2025-09-16T12:01:39","modified_gmt":"2025-09-16T10:01:39","slug":"kuka-otto","status":"publish","type":"page","link":"https:\/\/www.ottobruun.fi\/fi\/kuka-otto\/","title":{"rendered":"Kuka Otto?"},"content":{"rendered":"<p>[et_pb_section fb_built=&#8221;1&#8243; _builder_version=&#8221;4.27.4&#8243; _module_preset=&#8221;default&#8221; background_color=&#8221;gcid-c5c521c2-ac4c-4474-87d1-563eb8068cc0&#8243; custom_padding=&#8221;33px|||||&#8221; global_colors_info=&#8221;{%22gcid-c5c521c2-ac4c-4474-87d1-563eb8068cc0%22:%91%22background_color%22%93}&#8221;][et_pb_row column_structure=&#8221;2_5,3_5&#8243; _builder_version=&#8221;4.27.4&#8243; _module_preset=&#8221;default&#8221; global_colors_info=&#8221;{}&#8221;][et_pb_column type=&#8221;2_5&#8243; _builder_version=&#8221;4.27.4&#8243; _module_preset=&#8221;default&#8221; global_colors_info=&#8221;{}&#8221;][et_pb_image src=&#8221;http:\/\/www.ottobruun.fi\/wp-content\/uploads\/2025\/02\/DSCF6816-scaled.jpg&#8221; title_text=&#8221;DSCF6816&#8243; _builder_version=&#8221;4.27.4&#8243; _module_preset=&#8221;default&#8221; global_colors_info=&#8221;{}&#8221;][\/et_pb_image][\/et_pb_column][et_pb_column type=&#8221;3_5&#8243; _builder_version=&#8221;4.27.4&#8243; _module_preset=&#8221;default&#8221; global_colors_info=&#8221;{}&#8221;][et_pb_text _builder_version=&#8221;4.27.4&#8243; _module_preset=&#8221;default&#8221; global_colors_info=&#8221;{}&#8221;]<\/p>\n<h1>Kuka Otto?<\/h1>\n<p>Olen Otto Bruun, 40-vuotias kemi\u00f6nsaarelainen perheenis\u00e4 ja kahden tytt\u00e4ren is\u00e4. Ty\u00f6kseni opetan yliopistolla ja teen oikeustieteen v\u00e4it\u00f6skirjaa. Asumme Kemi\u00f6nsaaren Taalintehtaalla, jonne olemme kotiutuneet muutettuamme takaisin Suomeen Ruotsista nelj\u00e4 vuotta sitten.<\/p>\n<p>L\u00e4hden ehdolle kunta- ja aluevaaleihin kev\u00e4\u00e4ll\u00e4 2025, koska politiikan tila niin paikallisesti, Suomessa kuin maailmalla turhauttaa. Haluan tarjota oikeudenmukaisemman poliittisen vaihtoehdon.<\/p>\n<p>Paikallisesti se tarkoittaa vaihtoehtoa hitaalle n\u00e4ivettymiselle ja sis\u00e4\u00e4np\u00e4in l\u00e4mpi\u00e4v\u00e4lle kabinettipolitiikalle. Olen viimeisen kahden vuoden aikana asukkaana ja vanhempainyhdistyksen aktiivina puolustanut kouluja ja terveydenhuollon l\u00e4hipalvelupistett\u00e4 lakkautuksilta. N\u00e4in l\u00e4helt\u00e4, miten t\u00e4rkeit\u00e4 paikallisia palveluita ajettiin lakkautettavaksi puutteellisin selvityksin ja ep\u00e4realistisin talousluvuin. Valitettava tosiasia on, ett\u00e4 asukkaiden \u00e4\u00e4ni kuuluu nykyisell\u00e4\u00e4n n\u00e4iss\u00e4 p\u00e4\u00e4t\u00f6ksiss\u00e4 vain aktiivisesti sit\u00e4 vaatimalla.<\/p>\n<p>Erityisesti pieness\u00e4 kunnassa asiat voitaisiin j\u00e4rjest\u00e4\u00e4 niin, ett\u00e4 asukkaiden \u00e4\u00e4ni kuuluu heit\u00e4 koskevissa p\u00e4\u00e4t\u00f6ksiss\u00e4. Haluan puolustaa el\u00e4vi\u00e4 kyli\u00e4 ja paikallisyhteis\u00f6j\u00e4 sek\u00e4 niiden l\u00e4hipalveluita. Merkityksellisen el\u00e4m\u00e4n rakentaminen saaristossa ja haja-asutusalueilla tulee olla jatkossakin mahdollista. Kannatan kuntapolitiikassa l\u00e4hikouluihin satsaamista, toimivia julkisia terveyspalveluita kaikille sek\u00e4 huolenpitoa upeasta l\u00e4hi- ja saaristoluonnosta.<\/p>\n<p>Hallituksen ep\u00e4onnistunut talous- ja sosiaalipolitiikka on n\u00e4kynyt esimerkiksi kroonisena l\u00e4\u00e4k\u00e4rivajeena, k\u00f6yhyyten\u00e4 ja ty\u00f6tt\u00f6myyten\u00e4 my\u00f6s Kemi\u00f6nsaarella ja Varsinais-Suomessa. Valitettavasti nykyinen hallitus heikent\u00e4\u00e4 ja rapauttaa suoraan julkisia sosiaali- ja terveyspalveluita. Kaksikielinen Suomi \u2013 etenk\u00e4\u00e4n suurten kaupunkien ulkopuolella \u2013 ei toteudu ilman toimivia kaksikielisi\u00e4 julkisia palveluita. Nykyisen Orpon hallituksen ep\u00e4reilulle saksipolitiikkalle vaihtoehdon rakentaminen alkaa osaltani t\u00e4st\u00e4. Siksi olen ehdolla aluevaaleissa Varsinais-Suomessa.<\/p>\n<p>Nykyisen hallituksen linja on lyhytn\u00e4k\u00f6inen ja kest\u00e4m\u00e4t\u00f6n. Suunnan muuttamiseksi tarvitaan nyt uusia p\u00e4\u00e4tt\u00e4ji\u00e4 ja pitk\u00e4j\u00e4nteist\u00e4 yhteisty\u00f6t\u00e4. Haluan olla t\u00e4ss\u00e4 mukana ja rakentaa vaihtoehtoa paikallistasolta. Politiikassa t\u00e4ytyy kuulua my\u00f6s lasten ja nuorten sek\u00e4 ik\u00e4ihmisten \u00e4\u00e4ni. El\u00e4m\u00e4n alku- ja loppuvaiheessa olemme kaikki riippuvaisia hoivasta ja toimivista hyvinvointipalveluista. Yhteinen etu ansaitsee politiikassa kunnianpalautuksen.<\/p>\n<p>Minulla on pitk\u00e4 kokemus politiikasta ja vaikuttamisesta ylioppilaspolitiikan, j\u00e4rjest\u00f6jen ja paikallisten kampanjoiden kautta. Tied\u00e4n, miten politiikka toimii. Nyt on aika laittaa energiani ja t\u00e4st\u00e4 ty\u00f6st\u00e4 kertynyt osaaminen likoon paikallisten asioiden puolesta.<\/p>\n<p>Olen valtiotieteiden maisteri. T\u00e4ll\u00e4 hetkell\u00e4 olen tutkija ja teen oikeustieteen v\u00e4it\u00f6skirjaa kest\u00e4v\u00e4st\u00e4 maa- ja mets\u00e4taloudesta. Vapaa-ajallani harrastan lenkkeily\u00e4, kalastusta, lukemista, teatteria sek\u00e4 pallo- ja lautapelej\u00e4.<\/p>\n<p>[\/et_pb_text][\/et_pb_column][\/et_pb_row][\/et_pb_section]<\/p>\n","protected":false},"excerpt":{"rendered":"<p>Kuka Otto? Olen Otto Bruun, 40-vuotias kemi\u00f6nsaarelainen perheenis\u00e4 ja kahden tytt\u00e4ren is\u00e4. Ty\u00f6kseni opetan yliopistolla ja teen oikeustieteen v\u00e4it\u00f6skirjaa. Asumme Kemi\u00f6nsaaren Taalintehtaalla, jonne olemme kotiutuneet muutettuamme takaisin Suomeen Ruotsista nelj\u00e4 vuotta sitten. L\u00e4hden ehdolle kunta- ja aluevaaleihin kev\u00e4\u00e4ll\u00e4 2025, koska politiikan tila niin paikallisesti, Suomessa kuin maailmalla turhauttaa. Haluan tarjota oikeudenmukaisemman poliittisen vaihtoehdon. Paikallisesti se [&hellip;]<\/p>\n","protected":false},"author":1,"featured_media":0,"parent":0,"menu_order":0,"comment_status":"closed","ping_status":"closed","template":"","meta":{"_et_pb_use_builder":"on","_et_pb_old_content":"","_et_gb_content_width":"","footnotes":""},"class_list":["post-46","page","type-page","status-publish","hentry"],"_links":{"self":[{"href":"https:\/\/www.ottobruun.fi\/fi\/wp-json\/wp\/v2\/pages\/46","targetHints":{"allow":["GET"]}}],"collection":[{"href":"https:\/\/www.ottobruun.fi\/fi\/wp-json\/wp\/v2\/pages"}],"about":[{"href":"https:\/\/www.ottobruun.fi\/fi\/wp-json\/wp\/v2\/types\/page"}],"author":[{"embeddable":true,"href":"https:\/\/www.ottobruun.fi\/fi\/wp-json\/wp\/v2\/users\/1"}],"replies":[{"embeddable":true,"href":"https:\/\/www.ottobruun.fi\/fi\/wp-json\/wp\/v2\/comments?post=46"}],"version-history":[{"count":4,"href":"https:\/\/www.ottobruun.fi\/fi\/wp-json\/wp\/v2\/pages\/46\/revisions"}],"predecessor-version":[{"id":198,"href":"https:\/\/www.ottobruun.fi\/fi\/wp-json\/wp\/v2\/pages\/46\/revisions\/198"}],"wp:attachment":[{"href":"https:\/\/www.ottobruun.fi\/fi\/wp-json\/wp\/v2\/media?parent=46"}],"curies":[{"name":"wp","href":"https:\/\/api.w.org\/{rel}","templated":true}]}}