{"id":51,"date":"2025-02-28T19:21:59","date_gmt":"2025-02-28T19:21:59","guid":{"rendered":"https:\/\/www.ottobruun.fi\/?page_id=51"},"modified":"2025-03-07T07:56:52","modified_gmt":"2025-03-07T07:56:52","slug":"tulemukaan","status":"publish","type":"page","link":"https:\/\/www.ottobruun.fi\/fi\/tulemukaan\/","title":{"rendered":"Tule mukaan"},"content":{"rendered":"<p>[et_pb_section fb_built=&#8221;1&#8243; _builder_version=&#8221;4.27.4&#8243; _module_preset=&#8221;default&#8221; background_color=&#8221;gcid-c5c521c2-ac4c-4474-87d1-563eb8068cc0&#8243; custom_padding=&#8221;33px|||||&#8221; global_colors_info=&#8221;{%22gcid-c5c521c2-ac4c-4474-87d1-563eb8068cc0%22:%91%22background_color%22%93}&#8221;][et_pb_row column_structure=&#8221;3_5,2_5&#8243; _builder_version=&#8221;4.27.4&#8243; _module_preset=&#8221;default&#8221; global_colors_info=&#8221;{}&#8221;][et_pb_column type=&#8221;3_5&#8243; _builder_version=&#8221;4.27.4&#8243; _module_preset=&#8221;default&#8221; global_colors_info=&#8221;{}&#8221;][et_pb_text _builder_version=&#8221;4.27.4&#8243; _module_preset=&#8221;default&#8221; header_font=&#8221;|700||on|||||&#8221; hover_enabled=&#8221;0&#8243; global_colors_info=&#8221;{}&#8221; sticky_enabled=&#8221;0&#8243;]<\/p>\n<h1><span style=\"font-weight: 400;\">Tule mukaan!<\/span><\/h1>\n<p><span style=\"font-weight: 400;\">Olen ehdolla kunta- ja aluevaaleissa kev\u00e4\u00e4ll\u00e4 2025. Olen 40-vuotias kahden lapsen is\u00e4 ja oikeustieteen v\u00e4it\u00f6skirjatutkija Kemi\u00f6nsaaren Taalintehtaalta. Politiikassa puolustan julkisia sosiaali- ja terveyspalveluita, kattavaa kouluverkkoa sek\u00e4 el\u00e4v\u00e4\u00e4 saariston ja Kemi\u00f6nsaaren tulevaisuutta.\u00a0<\/span><\/p>\n<p><span style=\"font-weight: 400;\">Haluatko tukea kunta- ja aluevaalikampanjaani? Voit l\u00e4hte\u00e4 mukaan tukiryhm\u00e4\u00e4n tai tehd\u00e4 lahjoituksen.\u00a0<\/span><\/p>\n<h3><b><\/b><\/h3>\n<h3><b>Liity tukiryhm\u00e4\u00e4ni<\/b><\/h3>\n<p><span style=\"font-weight: 400;\">Voit liitty\u00e4 tukiryhm\u00e4\u00e4n <\/span><a href=\"https:\/\/docs.google.com\/forms\/d\/e\/1FAIpQLScqDbH1SKKakJeo7FuXJ48clXJpqfQqIFsgD8c9Klw46JSC5g\/viewform?usp=sharing\"><span style=\"font-weight: 400;\">t\u00e4m\u00e4n lomakkeen kautta<\/span><\/a><span style=\"font-weight: 400;\"> tai ottamalla yhteytt\u00e4 minuun tai kampanjap\u00e4\u00e4llikk\u00f6 Ville Laitiseen.<\/span><\/p>\n<h3><b><\/b><\/h3>\n<h3><b>Lahjoita kampanjaani<\/b><\/h3>\n<p><span style=\"font-weight: 400;\">Avullasi voimme toteuttaa poliittisen k\u00e4\u00e4nteen ja puolustaa t\u00e4rkeit\u00e4 palveluita, ymp\u00e4rist\u00f6\u00e4 ja demokratiaa. Voit tukea kampanjaani <a href=\"https:\/\/vaalit.vasemmisto.fi\/embed\/ehdokas\/?kieli=fi&amp;vaali=kuntavaalit-2025&amp;kunta=k322&amp;ehdokas=bruun-otto-7183&amp;fbclid=IwY2xjawIVuEBleHRuA2FlbQIxMAABHbQG_ue5NLh3v6VH66SpQ2HfN2MyLBmlA0LMlGjuj8JICy7IAA-rBc3ORA_aem_q0Ihcuqa5FuOp0gH7-lZ8Q&amp;valilehti=donate\" target=\"_blank\" rel=\"noopener\">lahjoittamalla vaality\u00f6h\u00f6n<\/a>.<\/span><\/p>\n<p><b>Kiitos, ett\u00e4 olet mukana!<\/b><\/p>\n<p>[\/et_pb_text][\/et_pb_column][et_pb_column type=&#8221;2_5&#8243; _builder_version=&#8221;4.27.4&#8243; _module_preset=&#8221;default&#8221; global_colors_info=&#8221;{}&#8221;][et_pb_image src=&#8221;http:\/\/www.ottobruun.fi\/wp-content\/uploads\/2025\/02\/Kopio-tiedostosta-Stig-Osterberg-ja-Otto-Bruun-scaled.jpg&#8221; title_text=&#8221;Kopio tiedostosta Stig O\u0308sterberg ja Otto Bruun&#8221; _builder_version=&#8221;4.27.4&#8243; _module_preset=&#8221;default&#8221; global_colors_info=&#8221;{}&#8221;][\/et_pb_image][\/et_pb_column][\/et_pb_row][\/et_pb_section]<\/p>\n","protected":false},"excerpt":{"rendered":"<p>Tule mukaan! Olen ehdolla kunta- ja aluevaaleissa kev\u00e4\u00e4ll\u00e4 2025. Olen 40-vuotias kahden lapsen is\u00e4 ja oikeustieteen v\u00e4it\u00f6skirjatutkija Kemi\u00f6nsaaren Taalintehtaalta. Politiikassa puolustan julkisia sosiaali- ja terveyspalveluita, kattavaa kouluverkkoa sek\u00e4 el\u00e4v\u00e4\u00e4 saariston ja Kemi\u00f6nsaaren tulevaisuutta.\u00a0 Haluatko tukea kunta- ja aluevaalikampanjaani? Voit l\u00e4hte\u00e4 mukaan tukiryhm\u00e4\u00e4n tai tehd\u00e4 lahjoituksen.\u00a0 Liity tukiryhm\u00e4\u00e4ni Voit liitty\u00e4 tukiryhm\u00e4\u00e4n t\u00e4m\u00e4n lomakkeen kautta tai ottamalla [&hellip;]<\/p>\n","protected":false},"author":1,"featured_media":0,"parent":0,"menu_order":0,"comment_status":"closed","ping_status":"closed","template":"","meta":{"_et_pb_use_builder":"on","_et_pb_old_content":"","_et_gb_content_width":"","footnotes":""},"class_list":["post-51","page","type-page","status-publish","hentry"],"_links":{"self":[{"href":"https:\/\/www.ottobruun.fi\/fi\/wp-json\/wp\/v2\/pages\/51","targetHints":{"allow":["GET"]}}],"collection":[{"href":"https:\/\/www.ottobruun.fi\/fi\/wp-json\/wp\/v2\/pages"}],"about":[{"href":"https:\/\/www.ottobruun.fi\/fi\/wp-json\/wp\/v2\/types\/page"}],"author":[{"embeddable":true,"href":"https:\/\/www.ottobruun.fi\/fi\/wp-json\/wp\/v2\/users\/1"}],"replies":[{"embeddable":true,"href":"https:\/\/www.ottobruun.fi\/fi\/wp-json\/wp\/v2\/comments?post=51"}],"version-history":[{"count":6,"href":"https:\/\/www.ottobruun.fi\/fi\/wp-json\/wp\/v2\/pages\/51\/revisions"}],"predecessor-version":[{"id":80,"href":"https:\/\/www.ottobruun.fi\/fi\/wp-json\/wp\/v2\/pages\/51\/revisions\/80"}],"wp:attachment":[{"href":"https:\/\/www.ottobruun.fi\/fi\/wp-json\/wp\/v2\/media?parent=51"}],"curies":[{"name":"wp","href":"https:\/\/api.w.org\/{rel}","templated":true}]}}